{"id":39,"date":"2024-10-02T18:25:29","date_gmt":"2024-10-02T18:25:29","guid":{"rendered":"https:\/\/mopic.ifzg.hr\/?page_id=39"},"modified":"2026-04-01T20:52:08","modified_gmt":"2026-04-01T20:52:08","slug":"publications","status":"publish","type":"page","link":"https:\/\/mopic.ifzg.hr\/index.php\/publications\/","title":{"rendered":"Publications"},"content":{"rendered":"\n<ul class=\"wp-block-list\">\n<li>Su\u0161nik, M., 2026. <a href=\"https:\/\/content.ifzg.hr\/poveznice\/Susnik-Smisao_zivota_u_svijetu_bez_smisla-1-9.pdf\"><em>The Meaning of Life in a Meaningless World <\/em>(<em>Smisao \u017eivota u svijetu bez smisla<\/em>)<\/a>,  Zagreb: Institute of Philosophy.<\/li>\n\n\n\n<li>Zeba, M. 2026. Alex Madva, Daniel Kelly, and Michael Brownstein, <em>Somebody Should Do Something: How Anyone Can Help Create Social Change,<\/em> <em>Croatian Journal of Philosophy <\/em>26 (76): 129-133.<\/li>\n\n\n\n<li>Rueda, J., Ivankovi\u0107, V. &amp; Blunden, C. 2025. A cautiously optimistic view on large language model use against linguistic injustice in academia.&nbsp;<em>Nature Machine Intelligence <\/em>7, 1773\u20131774. <a href=\"https:\/\/doi.org\/10.1038\/s42256-025-01138-z\">https:\/\/doi.org\/10.1038\/s42256-025-01138-z<\/a><\/li>\n\n\n\n<li>Grgi\u0107, L. 2025. Vojska Europske unije iz kantovske perspektive.&nbsp;<em>Politi\u010dka misao 62<\/em>&nbsp;(3), 11-32.<a href=\" https:\/\/doi.org\/10.20901\/pm.62.3.01\"> https:\/\/doi.org\/10.20901\/pm.62.3.01<\/a><\/li>\n\n\n\n<li>Ivankovi\u0107, V., Kudlek, K. 2025. Nudges, norms and moral progress. <em>Mind &amp; Society <\/em><a href=\"https:\/\/doi.org\/10.1007\/s11299-025-00337-w\">https:\/\/doi.org\/10.1007\/s11299-025-00337-w<\/a><\/li>\n\n\n\n<li>Grgi\u0107, L. 2024. Kant i pravo na zdravstvenu skrb &#8211; socijalna dr\u017eava po libertarijanskom receptu. <em>Jahr : Europski \u010dasopis za bioetiku<\/em> 15 (2), 509-524. <a href=\"https:\/\/hrcak.srce.hr\/file\/476727\">https:\/\/hrcak.srce.hr\/file\/476727<\/a><\/li>\n\n\n\n<li>Su\u0161nik, M. 2024. Kome je uop\u0107e potrebna akademska filozofija?&nbsp;<em>Prolegomena<\/em> 23&nbsp;(2), 221-242. <a href=\"https:\/\/hrcak.srce.hr\/clanak\/467126\">https:\/\/hrcak.srce.hr\/clanak\/467126<\/a><\/li>\n\n\n\n<li>Grgi\u0107, F. 2024. Kad je moralno neznanje izgovor? [When is Moral Ignorance an Excuse?], <em>Nova prisutnost <\/em>22 (3), 473-490. <a href=\"https:\/\/hrcak.srce.hr\/clanak\/465907\">https:\/\/hrcak.srce.hr\/clanak\/465907<\/a><\/li>\n\n\n\n<li>Bodlovi\u0107, P., Kudlek, K. 2024. Knowledge Versus Understanding: What Drives Moral Progress?&nbsp;<em>Ethical Theory and Moral Practice<\/em>.&nbsp;<a href=\"https:\/\/doi.org\/10.1007\/s10677-024-10465-w\" target=\"_blank\" rel=\"noreferrer noopener\">https:\/\/doi.org\/10.1007\/s10677-024-10465-w<\/a><\/li>\n\n\n\n<li>Lundgren, B., Kudlek, K. 2024. What We Owe (to) the Present: Normative and Practical Challenges for Strong Longtermism. <em>Futures<\/em>. <a href=\"https:\/\/doi.org\/10.1016\/j.futures.2024.103471\" target=\"_blank\" rel=\"noreferrer noopener\">https:\/\/doi.org\/10.1016\/j.futures.2024.103471<\/a><\/li>\n\n\n\n<li>Grgi\u0107, A. 2024. Owen Flanagan, How to do Things with Emotions: The Morality of Anger and Shame across Cultures.&nbsp;<em>Croatian Journal of Philosophy 24<\/em>&nbsp;(71), 319-323.  <a href=\"https:\/\/hrcak.srce.hr\/319995\">https:\/\/hrcak.srce.hr\/319995<\/a><\/li>\n\n\n\n<li>Joli\u0107, T. 2024. Frauke Albersmeier, The Concept of Moral Progress.&nbsp;<em>Croatian Journal of Philosophy 24<\/em>&nbsp;(71), 323-327.  <a href=\"https:\/\/hrcak.srce.hr\/319996\">https:\/\/hrcak.srce.hr\/319996<\/a><\/li>\n<\/ul>\n\n\n\n<p><\/p>\n","protected":false},"excerpt":{"rendered":"","protected":false},"author":1,"featured_media":0,"parent":0,"menu_order":0,"comment_status":"closed","ping_status":"closed","template":"","meta":{"footnotes":""},"class_list":["post-39","page","type-page","status-publish","hentry"],"_links":{"self":[{"href":"https:\/\/mopic.ifzg.hr\/index.php\/wp-json\/wp\/v2\/pages\/39","targetHints":{"allow":["GET"]}}],"collection":[{"href":"https:\/\/mopic.ifzg.hr\/index.php\/wp-json\/wp\/v2\/pages"}],"about":[{"href":"https:\/\/mopic.ifzg.hr\/index.php\/wp-json\/wp\/v2\/types\/page"}],"author":[{"embeddable":true,"href":"https:\/\/mopic.ifzg.hr\/index.php\/wp-json\/wp\/v2\/users\/1"}],"replies":[{"embeddable":true,"href":"https:\/\/mopic.ifzg.hr\/index.php\/wp-json\/wp\/v2\/comments?post=39"}],"version-history":[{"count":13,"href":"https:\/\/mopic.ifzg.hr\/index.php\/wp-json\/wp\/v2\/pages\/39\/revisions"}],"predecessor-version":[{"id":225,"href":"https:\/\/mopic.ifzg.hr\/index.php\/wp-json\/wp\/v2\/pages\/39\/revisions\/225"}],"wp:attachment":[{"href":"https:\/\/mopic.ifzg.hr\/index.php\/wp-json\/wp\/v2\/media?parent=39"}],"curies":[{"name":"wp","href":"https:\/\/api.w.org\/{rel}","templated":true}]}}